{"id":1859,"date":"2025-01-14T16:38:26","date_gmt":"2025-01-14T19:38:26","guid":{"rendered":"https:\/\/ergoproj.coppe.ufrj.br\/?page_id=1859"},"modified":"2025-02-05T15:59:37","modified_gmt":"2025-02-05T18:59:37","slug":"coordenacao","status":"publish","type":"page","link":"https:\/\/ergoproj.coppe.ufrj.br\/index.php\/quem-somos\/pessoal\/coordenacao\/","title":{"rendered":"Coordena\u00e7\u00e3o"},"content":{"rendered":"\t\t<div data-elementor-type=\"wp-page\" data-elementor-id=\"1859\" class=\"elementor elementor-1859\" data-elementor-post-type=\"page\">\n\t\t\t\t<div class=\"elementor-element elementor-element-5adbc7b3 e-flex e-con-boxed wpr-particle-no wpr-jarallax-no wpr-parallax-no wpr-sticky-section-no wpr-equal-height-no e-con e-parent\" data-id=\"5adbc7b3\" data-element_type=\"container\" data-e-type=\"container\" data-settings=\"{&quot;jet_parallax_layout_list&quot;:[]}\">\n\t\t\t\t\t<div class=\"e-con-inner\">\n\t\t<div class=\"elementor-element elementor-element-1c6e34d e-con-full e-flex wpr-particle-no wpr-jarallax-no wpr-parallax-no wpr-sticky-section-no wpr-equal-height-no e-con e-child\" data-id=\"1c6e34d\" data-element_type=\"container\" data-e-type=\"container\" data-settings=\"{&quot;background_background&quot;:&quot;classic&quot;,&quot;jet_parallax_layout_list&quot;:[]}\">\n\t\t\t\t<div class=\"elementor-element elementor-element-5a817b7 jet-breadcrumbs-align-left elementor-widget elementor-widget-jet-breadcrumbs\" data-id=\"5a817b7\" data-element_type=\"widget\" data-e-type=\"widget\" data-widget_type=\"jet-breadcrumbs.default\">\n\t\t\t\t<div class=\"elementor-widget-container\">\n\t\t\t\t\t<div class=\"elementor-jet-breadcrumbs jet-blocks\">\n\t\t<div class=\"jet-breadcrumbs\">\n\t\t<div class=\"jet-breadcrumbs__content\">\n\t\t\t<div class=\"jet-breadcrumbs__browse\">Voc\u00ea est\u00e1 aqui:<\/div> \n\t\t<div class=\"jet-breadcrumbs__wrap\"><div class=\"jet-breadcrumbs__item\"><a href=\"https:\/\/ergoproj.coppe.ufrj.br\/\" class=\"jet-breadcrumbs__item-link is-home\" rel=\"home\" title=\"In\u00edcio\">In\u00edcio<\/a><\/div>\n\t\t<\/div>\n\t\t<\/div>\n\t\t<\/div><\/div>\t\t\t\t<\/div>\n\t\t\t\t<\/div>\n\t\t\t\t<\/div>\n\t\t\t\t\t<\/div>\n\t\t\t\t<\/div>\n\t\t<div class=\"elementor-element elementor-element-56ba9ccc e-flex e-con-boxed wpr-particle-no wpr-jarallax-no wpr-parallax-no wpr-sticky-section-no wpr-equal-height-no e-con e-parent\" data-id=\"56ba9ccc\" data-element_type=\"container\" data-e-type=\"container\" data-settings=\"{&quot;jet_parallax_layout_list&quot;:[]}\">\n\t\t\t\t\t<div class=\"e-con-inner\">\n\t\t<div class=\"elementor-element elementor-element-5a33422d e-con-full elementor-hidden-mobile_extra elementor-hidden-mobile e-flex wpr-particle-no wpr-jarallax-no wpr-parallax-no wpr-sticky-section-no wpr-equal-height-no e-con e-child\" data-id=\"5a33422d\" data-element_type=\"container\" data-e-type=\"container\" data-settings=\"{&quot;jet_parallax_layout_list&quot;:[]}\">\n\t\t\t\t<div class=\"elementor-element elementor-element-446f95b5 menu-lateral elementor-nav-menu--dropdown-none elementor-widget elementor-widget-nav-menu\" data-id=\"446f95b5\" data-element_type=\"widget\" data-e-type=\"widget\" data-settings=\"{&quot;layout&quot;:&quot;vertical&quot;,&quot;submenu_icon&quot;:{&quot;value&quot;:&quot;&lt;svg aria-hidden=\\&quot;true\\&quot; class=\\&quot;e-font-icon-svg e-fas-caret-down\\&quot; viewBox=\\&quot;0 0 320 512\\&quot; xmlns=\\&quot;http:\\\/\\\/www.w3.org\\\/2000\\\/svg\\&quot;&gt;&lt;path d=\\&quot;M31.3 192h257.3c17.8 0 26.7 21.5 14.1 34.1L174.1 354.8c-7.8 7.8-20.5 7.8-28.3 0L17.2 226.1C4.6 213.5 13.5 192 31.3 192z\\&quot;&gt;&lt;\\\/path&gt;&lt;\\\/svg&gt;&quot;,&quot;library&quot;:&quot;fa-solid&quot;}}\" data-widget_type=\"nav-menu.default\">\n\t\t\t\t<div class=\"elementor-widget-container\">\n\t\t\t\t\t\t\t\t<nav aria-label=\"Menu\" class=\"elementor-nav-menu--main elementor-nav-menu__container elementor-nav-menu--layout-vertical e--pointer-underline e--animation-fade\">\n\t\t\t\t<ul id=\"menu-1-446f95b5\" class=\"elementor-nav-menu sm-vertical\"><li class=\"menu-item menu-item-type-post_type menu-item-object-page menu-item-home menu-item-5130\"><a href=\"https:\/\/ergoproj.coppe.ufrj.br\/\" class=\"elementor-item\">In\u00edcio<\/a><\/li>\n<li class=\"menu-item menu-item-type-custom menu-item-object-custom menu-item-has-children menu-item-5113\"><a class=\"elementor-item\">Quem Somos<\/a>\n<ul class=\"sub-menu elementor-nav-menu--dropdown\">\n\t<li class=\"menu-item menu-item-type-post_type menu-item-object-page menu-item-5114\"><a href=\"https:\/\/ergoproj.coppe.ufrj.br\/index.php\/quem-somos\/apresentacao\/\" class=\"elementor-sub-item\">Apresenta\u00e7\u00e3o<\/a><\/li>\n\t<li class=\"menu-item menu-item-type-custom menu-item-object-custom menu-item-has-children menu-item-5134\"><a class=\"elementor-sub-item\">Pessoal<\/a>\n\t<ul class=\"sub-menu elementor-nav-menu--dropdown\">\n\t\t<li class=\"menu-item menu-item-type-post_type menu-item-object-page menu-item-5133\"><a href=\"https:\/\/ergoproj.coppe.ufrj.br\/index.php\/quem-somos\/pessoal\/coordenacao\/\" class=\"elementor-sub-item\">Coordena\u00e7\u00e3o<\/a><\/li>\n\t\t<li class=\"menu-item menu-item-type-post_type menu-item-object-page menu-item-5132\"><a href=\"https:\/\/ergoproj.coppe.ufrj.br\/index.php\/quem-somos\/pessoal\/professores\/\" class=\"elementor-sub-item\">Professores<\/a><\/li>\n\t\t<li class=\"menu-item menu-item-type-post_type menu-item-object-page menu-item-5131\"><a href=\"https:\/\/ergoproj.coppe.ufrj.br\/index.php\/quem-somos\/pessoal\/pesquisadores\/\" class=\"elementor-sub-item\">Pesquisadores<\/a><\/li>\n\t<\/ul>\n<\/li>\n\t<li class=\"menu-item menu-item-type-post_type menu-item-object-page menu-item-6127\"><a href=\"https:\/\/ergoproj.coppe.ufrj.br\/index.php\/quem-somos\/comunicacao-visual\/\" class=\"elementor-sub-item\">Comunica\u00e7\u00e3o Visual<\/a><\/li>\n<\/ul>\n<\/li>\n<li class=\"menu-item menu-item-type-custom menu-item-object-custom menu-item-has-children menu-item-5117\"><a class=\"elementor-item\">Novidades<\/a>\n<ul class=\"sub-menu elementor-nav-menu--dropdown\">\n\t<li class=\"menu-item menu-item-type-post_type menu-item-object-page menu-item-5118\"><a href=\"https:\/\/ergoproj.coppe.ufrj.br\/index.php\/novidades\/noticias\/\" class=\"elementor-sub-item\">Not\u00edcias<\/a><\/li>\n\t<li class=\"menu-item menu-item-type-post_type menu-item-object-page menu-item-5119\"><a href=\"https:\/\/ergoproj.coppe.ufrj.br\/index.php\/novidades\/eventos\/\" class=\"elementor-sub-item\">Eventos<\/a><\/li>\n\t<li class=\"menu-item menu-item-type-post_type menu-item-object-page menu-item-5120\"><a href=\"https:\/\/ergoproj.coppe.ufrj.br\/index.php\/novidades\/defesas\/\" class=\"elementor-sub-item\">Defesas<\/a><\/li>\n\t<li class=\"menu-item menu-item-type-post_type menu-item-object-page menu-item-5121\"><a href=\"https:\/\/ergoproj.coppe.ufrj.br\/index.php\/novidades\/seminarios\/\" class=\"elementor-sub-item\">Semin\u00e1rios<\/a><\/li>\n<\/ul>\n<\/li>\n<li class=\"menu-item menu-item-type-custom menu-item-object-custom menu-item-has-children menu-item-5122\"><a class=\"elementor-item\">Atua\u00e7\u00e3o<\/a>\n<ul class=\"sub-menu elementor-nav-menu--dropdown\">\n\t<li class=\"menu-item menu-item-type-post_type menu-item-object-page menu-item-5123\"><a href=\"https:\/\/ergoproj.coppe.ufrj.br\/index.php\/atuacao\/projetos-em-andamento\/\" class=\"elementor-sub-item\">Projetos em Andamento<\/a><\/li>\n\t<li class=\"menu-item menu-item-type-post_type menu-item-object-page menu-item-5124\"><a href=\"https:\/\/ergoproj.coppe.ufrj.br\/index.php\/atuacao\/projetos-encerrados\/\" class=\"elementor-sub-item\">Projetos Encerrados<\/a><\/li>\n<\/ul>\n<\/li>\n<li class=\"menu-item menu-item-type-custom menu-item-object-custom menu-item-has-children menu-item-5125\"><a class=\"elementor-item\">Produ\u00e7\u00e3o Acad\u00eamica<\/a>\n<ul class=\"sub-menu elementor-nav-menu--dropdown\">\n\t<li class=\"menu-item menu-item-type-post_type menu-item-object-page menu-item-6225\"><a href=\"https:\/\/ergoproj.coppe.ufrj.br\/index.php\/producao-academica\/publicacoes\/\" class=\"elementor-sub-item\">Publica\u00e7\u00f5es<\/a><\/li>\n\t<li class=\"menu-item menu-item-type-post_type menu-item-object-page menu-item-5502\"><a href=\"https:\/\/ergoproj.coppe.ufrj.br\/index.php\/producao-academica\/trabalhos-de-conclusao-de-curso\/\" class=\"elementor-sub-item\">Trabalhos de Conclus\u00e3o de Curso<\/a><\/li>\n<\/ul>\n<\/li>\n<li class=\"menu-item menu-item-type-post_type menu-item-object-page menu-item-5128\"><a href=\"https:\/\/ergoproj.coppe.ufrj.br\/index.php\/curso-de-especializacao\/\" class=\"elementor-item\">Curso de Especializa\u00e7\u00e3o<\/a><\/li>\n<li class=\"menu-item menu-item-type-post_type menu-item-object-page menu-item-5129\"><a href=\"https:\/\/ergoproj.coppe.ufrj.br\/index.php\/contato\/\" class=\"elementor-item\">Contato<\/a><\/li>\n<\/ul>\t\t\t<\/nav>\n\t\t\t\t\t\t<nav class=\"elementor-nav-menu--dropdown elementor-nav-menu__container\" aria-hidden=\"true\">\n\t\t\t\t<ul id=\"menu-2-446f95b5\" class=\"elementor-nav-menu sm-vertical\"><li class=\"menu-item menu-item-type-post_type menu-item-object-page menu-item-home menu-item-5130\"><a href=\"https:\/\/ergoproj.coppe.ufrj.br\/\" class=\"elementor-item\" tabindex=\"-1\">In\u00edcio<\/a><\/li>\n<li class=\"menu-item menu-item-type-custom menu-item-object-custom menu-item-has-children menu-item-5113\"><a class=\"elementor-item\" tabindex=\"-1\">Quem Somos<\/a>\n<ul class=\"sub-menu elementor-nav-menu--dropdown\">\n\t<li class=\"menu-item menu-item-type-post_type menu-item-object-page menu-item-5114\"><a href=\"https:\/\/ergoproj.coppe.ufrj.br\/index.php\/quem-somos\/apresentacao\/\" class=\"elementor-sub-item\" tabindex=\"-1\">Apresenta\u00e7\u00e3o<\/a><\/li>\n\t<li class=\"menu-item menu-item-type-custom menu-item-object-custom menu-item-has-children menu-item-5134\"><a class=\"elementor-sub-item\" tabindex=\"-1\">Pessoal<\/a>\n\t<ul class=\"sub-menu elementor-nav-menu--dropdown\">\n\t\t<li class=\"menu-item menu-item-type-post_type menu-item-object-page menu-item-5133\"><a href=\"https:\/\/ergoproj.coppe.ufrj.br\/index.php\/quem-somos\/pessoal\/coordenacao\/\" class=\"elementor-sub-item\" tabindex=\"-1\">Coordena\u00e7\u00e3o<\/a><\/li>\n\t\t<li class=\"menu-item menu-item-type-post_type menu-item-object-page menu-item-5132\"><a href=\"https:\/\/ergoproj.coppe.ufrj.br\/index.php\/quem-somos\/pessoal\/professores\/\" class=\"elementor-sub-item\" tabindex=\"-1\">Professores<\/a><\/li>\n\t\t<li class=\"menu-item menu-item-type-post_type menu-item-object-page menu-item-5131\"><a href=\"https:\/\/ergoproj.coppe.ufrj.br\/index.php\/quem-somos\/pessoal\/pesquisadores\/\" class=\"elementor-sub-item\" tabindex=\"-1\">Pesquisadores<\/a><\/li>\n\t<\/ul>\n<\/li>\n\t<li class=\"menu-item menu-item-type-post_type menu-item-object-page menu-item-6127\"><a href=\"https:\/\/ergoproj.coppe.ufrj.br\/index.php\/quem-somos\/comunicacao-visual\/\" class=\"elementor-sub-item\" tabindex=\"-1\">Comunica\u00e7\u00e3o Visual<\/a><\/li>\n<\/ul>\n<\/li>\n<li class=\"menu-item menu-item-type-custom menu-item-object-custom menu-item-has-children menu-item-5117\"><a class=\"elementor-item\" tabindex=\"-1\">Novidades<\/a>\n<ul class=\"sub-menu elementor-nav-menu--dropdown\">\n\t<li class=\"menu-item menu-item-type-post_type menu-item-object-page menu-item-5118\"><a href=\"https:\/\/ergoproj.coppe.ufrj.br\/index.php\/novidades\/noticias\/\" class=\"elementor-sub-item\" tabindex=\"-1\">Not\u00edcias<\/a><\/li>\n\t<li class=\"menu-item menu-item-type-post_type menu-item-object-page menu-item-5119\"><a href=\"https:\/\/ergoproj.coppe.ufrj.br\/index.php\/novidades\/eventos\/\" class=\"elementor-sub-item\" tabindex=\"-1\">Eventos<\/a><\/li>\n\t<li class=\"menu-item menu-item-type-post_type menu-item-object-page menu-item-5120\"><a href=\"https:\/\/ergoproj.coppe.ufrj.br\/index.php\/novidades\/defesas\/\" class=\"elementor-sub-item\" tabindex=\"-1\">Defesas<\/a><\/li>\n\t<li class=\"menu-item menu-item-type-post_type menu-item-object-page menu-item-5121\"><a href=\"https:\/\/ergoproj.coppe.ufrj.br\/index.php\/novidades\/seminarios\/\" class=\"elementor-sub-item\" tabindex=\"-1\">Semin\u00e1rios<\/a><\/li>\n<\/ul>\n<\/li>\n<li class=\"menu-item menu-item-type-custom menu-item-object-custom menu-item-has-children menu-item-5122\"><a class=\"elementor-item\" tabindex=\"-1\">Atua\u00e7\u00e3o<\/a>\n<ul class=\"sub-menu elementor-nav-menu--dropdown\">\n\t<li class=\"menu-item menu-item-type-post_type menu-item-object-page menu-item-5123\"><a href=\"https:\/\/ergoproj.coppe.ufrj.br\/index.php\/atuacao\/projetos-em-andamento\/\" class=\"elementor-sub-item\" tabindex=\"-1\">Projetos em Andamento<\/a><\/li>\n\t<li class=\"menu-item menu-item-type-post_type menu-item-object-page menu-item-5124\"><a href=\"https:\/\/ergoproj.coppe.ufrj.br\/index.php\/atuacao\/projetos-encerrados\/\" class=\"elementor-sub-item\" tabindex=\"-1\">Projetos Encerrados<\/a><\/li>\n<\/ul>\n<\/li>\n<li class=\"menu-item menu-item-type-custom menu-item-object-custom menu-item-has-children menu-item-5125\"><a class=\"elementor-item\" tabindex=\"-1\">Produ\u00e7\u00e3o Acad\u00eamica<\/a>\n<ul class=\"sub-menu elementor-nav-menu--dropdown\">\n\t<li class=\"menu-item menu-item-type-post_type menu-item-object-page menu-item-6225\"><a href=\"https:\/\/ergoproj.coppe.ufrj.br\/index.php\/producao-academica\/publicacoes\/\" class=\"elementor-sub-item\" tabindex=\"-1\">Publica\u00e7\u00f5es<\/a><\/li>\n\t<li class=\"menu-item menu-item-type-post_type menu-item-object-page menu-item-5502\"><a href=\"https:\/\/ergoproj.coppe.ufrj.br\/index.php\/producao-academica\/trabalhos-de-conclusao-de-curso\/\" class=\"elementor-sub-item\" tabindex=\"-1\">Trabalhos de Conclus\u00e3o de Curso<\/a><\/li>\n<\/ul>\n<\/li>\n<li class=\"menu-item menu-item-type-post_type menu-item-object-page menu-item-5128\"><a href=\"https:\/\/ergoproj.coppe.ufrj.br\/index.php\/curso-de-especializacao\/\" class=\"elementor-item\" tabindex=\"-1\">Curso de Especializa\u00e7\u00e3o<\/a><\/li>\n<li class=\"menu-item menu-item-type-post_type menu-item-object-page menu-item-5129\"><a href=\"https:\/\/ergoproj.coppe.ufrj.br\/index.php\/contato\/\" class=\"elementor-item\" tabindex=\"-1\">Contato<\/a><\/li>\n<\/ul>\t\t\t<\/nav>\n\t\t\t\t\t\t<\/div>\n\t\t\t\t<\/div>\n\t\t\t\t<\/div>\n\t\t<div class=\"elementor-element elementor-element-2d1379f2 e-con-full e-flex wpr-particle-no wpr-jarallax-no wpr-parallax-no wpr-sticky-section-no wpr-equal-height-no e-con e-child\" data-id=\"2d1379f2\" data-element_type=\"container\" data-e-type=\"container\" data-settings=\"{&quot;jet_parallax_layout_list&quot;:[]}\">\n\t\t\t\t<div class=\"elementor-element elementor-element-b1af409 elementor-widget-divider--view-line elementor-widget elementor-widget-divider\" data-id=\"b1af409\" data-element_type=\"widget\" data-e-type=\"widget\" data-widget_type=\"divider.default\">\n\t\t\t\t<div class=\"elementor-widget-container\">\n\t\t\t\t\t\t\t<div class=\"elementor-divider\">\n\t\t\t<span class=\"elementor-divider-separator\">\n\t\t\t\t\t\t<\/span>\n\t\t<\/div>\n\t\t\t\t\t\t<\/div>\n\t\t\t\t<\/div>\n\t\t\t\t<div class=\"elementor-element elementor-element-7d93a970 elementor-widget elementor-widget-text-editor\" data-id=\"7d93a970\" data-element_type=\"widget\" data-e-type=\"widget\" data-widget_type=\"text-editor.default\">\n\t\t\t\t<div class=\"elementor-widget-container\">\n\t\t\t\t\t\t\t\t\t<p><span style=\"font-weight: 400\">O Ergoproj \u00e9 coordenado pelo <strong>D.Sc. Francisco Jos\u00e9 de Castro Moura Duarte<\/strong>, respons\u00e1vel pela forma\u00e7\u00e3o e orienta\u00e7\u00e3o de mestres e doutores que realizam suas pesquisas no laborat\u00f3rio de <strong>Ergonomia &amp; Projetos<\/strong>.<\/span><\/p>\n<p><span style=\"font-weight: 400\">A equipe \u00e9 formada por profissionais das \u00e1reas de engenharia, design, arquitetura e sa\u00fade em v\u00e1rios n\u00edveis de forma\u00e7\u00e3o: da gradua\u00e7\u00e3o ao p\u00f3s-doutorado.\u00a0<\/span><\/p>\n\t\t\t\t\t\t\t\t<\/div>\n\t\t\t\t<\/div>\n\t\t\t\t<div class=\"elementor-element elementor-element-a96a0b5 elementor-widget-mobile_extra__width-inherit elementor-widget elementor-widget-jet-listing-grid\" data-id=\"a96a0b5\" data-element_type=\"widget\" data-e-type=\"widget\" data-settings=\"{&quot;columns&quot;:&quot;3&quot;,&quot;columns_mobile&quot;:&quot;1&quot;,&quot;columns_tablet_extra&quot;:&quot;2&quot;}\" data-widget_type=\"jet-listing-grid.default\">\n\t\t\t\t<div class=\"elementor-widget-container\">\n\t\t\t\t\t<div class=\"jet-listing-grid jet-listing\"><div class=\"jet-listing-grid__items grid-col-desk-3 grid-col-tablet-3 grid-col-mobile-1 jet-listing-grid--5264 jet-equal-columns__wrapper grid-collapse-gap\" data-queried-id=\"1859|WP_Post\" data-nav=\"{&quot;enabled&quot;:false,&quot;type&quot;:null,&quot;more_el&quot;:null,&quot;query&quot;:[],&quot;widget_settings&quot;:{&quot;lisitng_id&quot;:5264,&quot;posts_num&quot;:50,&quot;columns&quot;:3,&quot;columns_tablet&quot;:3,&quot;columns_mobile&quot;:1,&quot;column_min_width&quot;:240,&quot;column_min_width_tablet&quot;:240,&quot;column_min_width_mobile&quot;:240,&quot;inline_columns_css&quot;:false,&quot;is_archive_template&quot;:&quot;&quot;,&quot;post_status&quot;:[&quot;publish&quot;],&quot;use_random_posts_num&quot;:&quot;&quot;,&quot;max_posts_num&quot;:9,&quot;not_found_message&quot;:&quot;No data was found&quot;,&quot;is_masonry&quot;:false,&quot;equal_columns_height&quot;:&quot;yes&quot;,&quot;use_load_more&quot;:&quot;&quot;,&quot;load_more_id&quot;:&quot;&quot;,&quot;load_more_type&quot;:&quot;click&quot;,&quot;load_more_offset&quot;:null,&quot;use_custom_post_types&quot;:&quot;yes&quot;,&quot;custom_post_types&quot;:[&quot;_equipe&quot;],&quot;hide_widget_if&quot;:&quot;&quot;,&quot;carousel_enabled&quot;:&quot;&quot;,&quot;slides_to_scroll&quot;:&quot;1&quot;,&quot;arrows&quot;:&quot;true&quot;,&quot;arrow_icon&quot;:&quot;fa fa-angle-left&quot;,&quot;dots&quot;:&quot;&quot;,&quot;autoplay&quot;:&quot;true&quot;,&quot;pause_on_hover&quot;:&quot;true&quot;,&quot;autoplay_speed&quot;:5000,&quot;infinite&quot;:&quot;true&quot;,&quot;center_mode&quot;:&quot;&quot;,&quot;effect&quot;:&quot;slide&quot;,&quot;speed&quot;:500,&quot;inject_alternative_items&quot;:&quot;&quot;,&quot;injection_items&quot;:[],&quot;scroll_slider_enabled&quot;:&quot;&quot;,&quot;scroll_slider_on&quot;:[&quot;desktop&quot;,&quot;tablet&quot;,&quot;mobile&quot;],&quot;custom_query&quot;:false,&quot;custom_query_id&quot;:&quot;&quot;,&quot;_element_id&quot;:&quot;&quot;,&quot;collapse_first_last_gap&quot;:&quot;true&quot;,&quot;list_tag_selection&quot;:&quot;&quot;,&quot;list_items_wrapper_tag&quot;:&quot;div&quot;,&quot;list_item_tag&quot;:&quot;div&quot;,&quot;empty_items_wrapper_tag&quot;:&quot;div&quot;}}\" data-page=\"1\" data-pages=\"1\" data-listing-source=\"posts\" data-listing-id=\"5264\" data-query-id=\"\"><div class=\"jet-listing-grid__item jet-listing-dynamic-post-2010 jet-equal-columns\" data-post-id=\"2010\"  >\t\t<div data-elementor-type=\"jet-listing-items\" data-elementor-id=\"5264\" class=\"elementor elementor-5264\" data-elementor-post-type=\"jet-engine\">\n\t\t\t\t<div class=\"elementor-element elementor-element-e627a95 e-con-full e-flex wpr-particle-no wpr-jarallax-no wpr-parallax-no wpr-sticky-section-no wpr-equal-height-no e-con e-parent\" data-id=\"e627a95\" data-element_type=\"container\" data-e-type=\"container\" data-settings=\"{&quot;jet_parallax_layout_list&quot;:[]}\">\n\t\t\t\t<div class=\"elementor-element elementor-element-1c1b7ac elementor-widget elementor-widget-jet-listing-dynamic-image\" data-id=\"1c1b7ac\" data-element_type=\"widget\" data-e-type=\"widget\" data-widget_type=\"jet-listing-dynamic-image.default\">\n\t\t\t\t<div class=\"elementor-widget-container\">\n\t\t\t\t\t<div class=\"jet-listing jet-listing-dynamic-image\" ><img fetchpriority=\"high\" decoding=\"async\" width=\"250\" height=\"260\" src=\"https:\/\/ergoproj.coppe.ufrj.br\/wp-content\/uploads\/2025\/02\/Francisco-Jose-de-Castro-Moura-Duarte.png\" class=\"jet-listing-dynamic-image__img attachment-full size-full wp-post-image\" alt=\"Francisco Jose de Castro Moura Duarte\" loading=\"eager\" \/><\/div>\t\t\t\t<\/div>\n\t\t\t\t<\/div>\n\t\t\t\t<div class=\"elementor-element elementor-element-c31756e elementor-widget elementor-widget-theme-post-title elementor-page-title elementor-widget-heading\" data-id=\"c31756e\" data-element_type=\"widget\" data-e-type=\"widget\" data-widget_type=\"theme-post-title.default\">\n\t\t\t\t<div class=\"elementor-widget-container\">\n\t\t\t\t\t<h1 class=\"elementor-heading-title elementor-size-default\">Francisco Duarte<\/h1>\t\t\t\t<\/div>\n\t\t\t\t<\/div>\n\t\t\t\t<div class=\"elementor-element elementor-element-be702c9 elementor-widget elementor-widget-jet-listing-dynamic-terms\" data-id=\"be702c9\" data-element_type=\"widget\" data-e-type=\"widget\" data-widget_type=\"jet-listing-dynamic-terms.default\">\n\t\t\t\t<div class=\"elementor-widget-container\">\n\t\t\t\t\t<div class=\"jet-listing jet-listing-dynamic-terms\"><div class=\"jet-listing-dynamic-terms__icon is-svg-icon\"><svg class=\"e-font-icon-svg e-fas-user-alt\" aria-hidden=\"true\" viewBox=\"0 0 512 512\" xmlns=\"http:\/\/www.w3.org\/2000\/svg\"><path d=\"M256 288c79.5 0 144-64.5 144-144S335.5 0 256 0 112 64.5 112 144s64.5 144 144 144zm128 32h-55.1c-22.2 10.2-46.9 16-72.9 16s-50.6-5.8-72.9-16H128C57.3 320 0 377.3 0 448v16c0 26.5 21.5 48 48 48h416c26.5 0 48-21.5 48-48v-16c0-70.7-57.3-128-128-128z\"><\/path><\/svg><\/div><span class=\"jet-listing-dynamic-terms__link\">Coordenador<\/span><\/div>\t\t\t\t<\/div>\n\t\t\t\t<\/div>\n\t\t\t\t<div class=\"elementor-element elementor-element-a4ff4d5 elementor-widget elementor-widget-heading\" data-id=\"a4ff4d5\" data-element_type=\"widget\" data-e-type=\"widget\" data-widget_type=\"heading.default\">\n\t\t\t\t<div class=\"elementor-widget-container\">\n\t\t\t\t\t<h2 class=\"elementor-heading-title elementor-size-default\"><a href=\"https:\/\/ergoproj.coppe.ufrj.br\/index.php\/_equipe\/francisco-duarte\/\">Saiba mais &gt;&gt;<\/a><\/h2>\t\t\t\t<\/div>\n\t\t\t\t<\/div>\n\t\t\t\t<\/div>\n\t\t\t\t<\/div>\n\t\t<\/div><\/div><\/div>\t\t\t\t<\/div>\n\t\t\t\t<\/div>\n\t\t\t\t<\/div>\n\t\t\t\t\t<\/div>\n\t\t\t\t<\/div>\n\t\t\t\t<\/div>\n\t\t","protected":false},"excerpt":{"rendered":"<p>Voc\u00ea est\u00e1 aqui: In\u00edcio Coordenador Saiba mais &gt;&gt;<\/p>\n","protected":false},"author":2,"featured_media":0,"parent":2055,"menu_order":1,"comment_status":"closed","ping_status":"closed","template":"","meta":{"footnotes":""},"class_list":["post-1859","page","type-page","status-publish","hentry"],"_links":{"self":[{"href":"https:\/\/ergoproj.coppe.ufrj.br\/index.php\/wp-json\/wp\/v2\/pages\/1859","targetHints":{"allow":["GET"]}}],"collection":[{"href":"https:\/\/ergoproj.coppe.ufrj.br\/index.php\/wp-json\/wp\/v2\/pages"}],"about":[{"href":"https:\/\/ergoproj.coppe.ufrj.br\/index.php\/wp-json\/wp\/v2\/types\/page"}],"author":[{"embeddable":true,"href":"https:\/\/ergoproj.coppe.ufrj.br\/index.php\/wp-json\/wp\/v2\/users\/2"}],"replies":[{"embeddable":true,"href":"https:\/\/ergoproj.coppe.ufrj.br\/index.php\/wp-json\/wp\/v2\/comments?post=1859"}],"version-history":[{"count":110,"href":"https:\/\/ergoproj.coppe.ufrj.br\/index.php\/wp-json\/wp\/v2\/pages\/1859\/revisions"}],"predecessor-version":[{"id":6047,"href":"https:\/\/ergoproj.coppe.ufrj.br\/index.php\/wp-json\/wp\/v2\/pages\/1859\/revisions\/6047"}],"up":[{"embeddable":true,"href":"https:\/\/ergoproj.coppe.ufrj.br\/index.php\/wp-json\/wp\/v2\/pages\/2055"}],"wp:attachment":[{"href":"https:\/\/ergoproj.coppe.ufrj.br\/index.php\/wp-json\/wp\/v2\/media?parent=1859"}],"curies":[{"name":"wp","href":"https:\/\/api.w.org\/{rel}","templated":true}]}}